{"id":71,"date":"2024-06-24T14:47:56","date_gmt":"2024-06-24T12:47:56","guid":{"rendered":"https:\/\/tello.pl\/?page_id=71"},"modified":"2024-06-25T14:10:28","modified_gmt":"2024-06-25T12:10:28","slug":"tello-komfort","status":"publish","type":"page","link":"https:\/\/tello.pl\/en\/tello-komfort\/","title":{"rendered":"TELLO COMFORT"},"content":{"rendered":"<div class=\"wp-block-columns is-layout-flex wp-container-core-columns-is-layout-9d6595d7 wp-block-columns-is-layout-flex\">\n<div class=\"wp-block-column is-layout-flow wp-block-column-is-layout-flow\">\n<div style=\"height:100px\" aria-hidden=\"true\" class=\"wp-block-spacer\"><\/div>\n\n\n\n<p class=\"has-text-align-center\">We are a family company, our mission is to deliver to you<br>products that accompany us every day. We deeply believe that<br>doskonale zaprojektowane i funkcjonalne&nbsp; produkty powinny towarzyszy\u0107<br>us every day.<\/p>\n\n\n\n<p class=\"has-text-align-center\">These are the brands' products <strong>TELLO<\/strong>, <strong>RORETS<\/strong>, <strong>KUNGS<\/strong> or <strong>SINI<\/strong>, which you will find<br>in our store\u00a0<a href=\"http:\/\/www.tello.com.pl\/\" target=\"_blank\" rel=\"noreferrer noopener\">www.tello.com.pl<\/a><\/p>\n\n\n\n<p class=\"has-text-align-center\">Contact telephone number to <strong>Tello Comfort<\/strong> (dryers and ironing boards):<br><strong>579561019<\/strong><\/p>\n<\/div>\n\n\n\n<div class=\"wp-block-column is-layout-flow wp-block-column-is-layout-flow\">\n<figure class=\"wp-block-image size-large\"><img loading=\"lazy\" decoding=\"async\" width=\"1024\" height=\"1024\" src=\"https:\/\/tello.pl\/wp-content\/uploads\/2024\/06\/81Zt7gKUn3L._AC_SL1500_-1024x1024.jpg\" alt=\"\" class=\"wp-image-161\" srcset=\"https:\/\/tello.pl\/wp-content\/uploads\/2024\/06\/81Zt7gKUn3L._AC_SL1500_-1024x1024.jpg 1024w, https:\/\/tello.pl\/wp-content\/uploads\/2024\/06\/81Zt7gKUn3L._AC_SL1500_-300x300.jpg 300w, https:\/\/tello.pl\/wp-content\/uploads\/2024\/06\/81Zt7gKUn3L._AC_SL1500_-150x150.jpg 150w, https:\/\/tello.pl\/wp-content\/uploads\/2024\/06\/81Zt7gKUn3L._AC_SL1500_-768x768.jpg 768w, https:\/\/tello.pl\/wp-content\/uploads\/2024\/06\/81Zt7gKUn3L._AC_SL1500_-12x12.jpg 12w, https:\/\/tello.pl\/wp-content\/uploads\/2024\/06\/81Zt7gKUn3L._AC_SL1500_.jpg 1500w\" sizes=\"auto, (max-width: 1024px) 100vw, 1024px\" \/><\/figure>\n<\/div>\n<\/div>\n\n\n\n<div style=\"height:100px\" aria-hidden=\"true\" class=\"wp-block-spacer\"><\/div>\n\n\n\n<div class=\"wp-block-columns is-layout-flex wp-container-core-columns-is-layout-9d6595d7 wp-block-columns-is-layout-flex\">\n<div class=\"wp-block-column is-layout-flow wp-block-column-is-layout-flow\">\n<figure class=\"wp-block-image size-large\"><img loading=\"lazy\" decoding=\"async\" width=\"1024\" height=\"1024\" src=\"http:\/\/tello.pl\/wp-content\/uploads\/2024\/06\/FB_IMG_1719222571627-1024x1024.jpg\" alt=\"\" class=\"wp-image-162\" srcset=\"https:\/\/tello.pl\/wp-content\/uploads\/2024\/06\/FB_IMG_1719222571627-1024x1024.jpg 1024w, https:\/\/tello.pl\/wp-content\/uploads\/2024\/06\/FB_IMG_1719222571627-300x300.jpg 300w, https:\/\/tello.pl\/wp-content\/uploads\/2024\/06\/FB_IMG_1719222571627-150x150.jpg 150w, https:\/\/tello.pl\/wp-content\/uploads\/2024\/06\/FB_IMG_1719222571627-768x768.jpg 768w, https:\/\/tello.pl\/wp-content\/uploads\/2024\/06\/FB_IMG_1719222571627-12x12.jpg 12w, https:\/\/tello.pl\/wp-content\/uploads\/2024\/06\/FB_IMG_1719222571627.jpg 1080w\" sizes=\"auto, (max-width: 1024px) 100vw, 1024px\" \/><\/figure>\n<\/div>\n\n\n\n<div class=\"wp-block-column is-layout-flow wp-block-column-is-layout-flow\">\n<div style=\"height:100px\" aria-hidden=\"true\" class=\"wp-block-spacer\"><\/div>\n\n\n\n<p class=\"has-text-align-center\">All products offered in&nbsp;<a href=\"http:\/\/tello.com.pl\/\" rel=\"noreferrer noopener\" target=\"_blank\">tello.com.pl<\/a>&nbsp;they are original and come from<br>directly from producers.<\/p>\n\n\n\n<p class=\"has-text-align-center\">As an authorized seller of the RORETS brand, we offer a wide range of products from this manufacturer, which not only cares about unique and exclusive design, but also takes care of nature and its employees, creating very good working conditions in the Polish factory of ironing boards and dryers.<\/p>\n<\/div>\n<\/div>\n\n\n\n<div style=\"height:100px\" aria-hidden=\"true\" class=\"wp-block-spacer\"><\/div>\n\n\n\n<div class=\"wp-block-columns is-layout-flex wp-container-core-columns-is-layout-9d6595d7 wp-block-columns-is-layout-flex\">\n<div class=\"wp-block-column is-layout-flow wp-block-column-is-layout-flow\">\n<div style=\"height:100px\" aria-hidden=\"true\" class=\"wp-block-spacer\"><\/div>\n\n\n\n<div style=\"height:100px\" aria-hidden=\"true\" class=\"wp-block-spacer\"><\/div>\n\n\n\n<p class=\"has-text-align-center\">Our newest product line are <strong>TELLO anti-slip mats<\/strong> under<br>shower or bathtub. All mats are produced in the EU<br>European.<\/p>\n<\/div>\n\n\n\n<div class=\"wp-block-column is-layout-flow wp-block-column-is-layout-flow\">\n<figure class=\"wp-block-image size-large\"><img loading=\"lazy\" decoding=\"async\" width=\"819\" height=\"1024\" src=\"http:\/\/tello.pl\/wp-content\/uploads\/2024\/06\/FB_IMG_1711023095898-819x1024.jpg\" alt=\"\" class=\"wp-image-163\" srcset=\"https:\/\/tello.pl\/wp-content\/uploads\/2024\/06\/FB_IMG_1711023095898-819x1024.jpg 819w, https:\/\/tello.pl\/wp-content\/uploads\/2024\/06\/FB_IMG_1711023095898-240x300.jpg 240w, https:\/\/tello.pl\/wp-content\/uploads\/2024\/06\/FB_IMG_1711023095898-768x960.jpg 768w, https:\/\/tello.pl\/wp-content\/uploads\/2024\/06\/FB_IMG_1711023095898-10x12.jpg 10w, https:\/\/tello.pl\/wp-content\/uploads\/2024\/06\/FB_IMG_1711023095898.jpg 1080w\" sizes=\"auto, (max-width: 819px) 100vw, 819px\" \/><\/figure>\n<\/div>\n<\/div>","protected":false},"excerpt":{"rendered":"<p>Jeste\u015bmy firm\u0105 rodzinn\u0105, nasz\u0105 misj\u0105 jest dostarczanie Pa\u0144stwuprodukt\u00f3w, kt\u00f3re towarzysz\u0105 nam codziennie. Wierzymy g\u0142\u0119boko, \u017cedoskonale zaprojektowane i funkcjonalne&nbsp; produkty powinny towarzyszy\u0107nam na co dzie\u0144. Takie s\u0105 produkty marek TELLO, RORETS, KUNGS czy SINI, kt\u00f3re znajdzieciew naszym sklepie\u00a0www.tello.com.pl Telefon kontaktowy do Tello Komfort (suszarki i deski do prasowania):579561019 Wszystkie produkty oferowane w&nbsp;tello.com.pl&nbsp;s\u0105 oryginalne i pochodz\u0105bezpo\u015brednio od&hellip;&nbsp;<a href=\"https:\/\/tello.pl\/en\/tello-komfort\/\" class=\"\" rel=\"bookmark\">Read More &raquo;<span class=\"screen-reader-text\">TELLO COMFORT<\/span><\/a><\/p>","protected":false},"author":1,"featured_media":0,"parent":0,"menu_order":0,"comment_status":"closed","ping_status":"closed","template":"","meta":{"neve_meta_sidebar":"","neve_meta_container":"","neve_meta_enable_content_width":"","neve_meta_content_width":0,"neve_meta_title_alignment":"","neve_meta_author_avatar":"","neve_post_elements_order":"","neve_meta_disable_header":"","neve_meta_disable_footer":"","neve_meta_disable_title":"","footnotes":""},"class_list":["post-71","page","type-page","status-publish","hentry"],"_links":{"self":[{"href":"https:\/\/tello.pl\/en\/wp-json\/wp\/v2\/pages\/71","targetHints":{"allow":["GET"]}}],"collection":[{"href":"https:\/\/tello.pl\/en\/wp-json\/wp\/v2\/pages"}],"about":[{"href":"https:\/\/tello.pl\/en\/wp-json\/wp\/v2\/types\/page"}],"author":[{"embeddable":true,"href":"https:\/\/tello.pl\/en\/wp-json\/wp\/v2\/users\/1"}],"replies":[{"embeddable":true,"href":"https:\/\/tello.pl\/en\/wp-json\/wp\/v2\/comments?post=71"}],"version-history":[{"count":7,"href":"https:\/\/tello.pl\/en\/wp-json\/wp\/v2\/pages\/71\/revisions"}],"predecessor-version":[{"id":174,"href":"https:\/\/tello.pl\/en\/wp-json\/wp\/v2\/pages\/71\/revisions\/174"}],"wp:attachment":[{"href":"https:\/\/tello.pl\/en\/wp-json\/wp\/v2\/media?parent=71"}],"curies":[{"name":"wp","href":"https:\/\/api.w.org\/{rel}","templated":true}]}}