{"id":74,"date":"2024-06-24T14:50:22","date_gmt":"2024-06-24T12:50:22","guid":{"rendered":"https:\/\/tello.pl\/?page_id=74"},"modified":"2024-10-05T12:52:52","modified_gmt":"2024-10-05T10:52:52","slug":"tello-technik","status":"publish","type":"page","link":"https:\/\/tello.pl\/en\/tello-technik\/","title":{"rendered":"TELLO TECHNIC"},"content":{"rendered":"<div class=\"wp-block-columns is-layout-flex wp-container-core-columns-is-layout-9d6595d7 wp-block-columns-is-layout-flex\">\n<div class=\"wp-block-column is-layout-flow wp-block-column-is-layout-flow\">\n<div style=\"height:100px\" aria-hidden=\"true\" class=\"wp-block-spacer\"><\/div>\n\n\n\n<ul class=\"wp-block-list\">\n<li>Sale of accessories for power tools,<\/li>\n\n\n\n<li>Post-warranty service of power tools,<\/li>\n\n\n\n<li>Rewinding rotors and stators.<\/li>\n<\/ul>\n<\/div>\n\n\n\n<div class=\"wp-block-column is-layout-flow wp-block-column-is-layout-flow\">\n<figure class=\"wp-block-image size-large\"><img loading=\"lazy\" decoding=\"async\" width=\"1024\" height=\"1024\" src=\"https:\/\/tello.pl\/wp-content\/uploads\/2024\/06\/2108.i504.017.P.m005.c25.isometric-electric-machine-tools-set-1024x1024.jpg\" alt=\"\" class=\"wp-image-169\" srcset=\"https:\/\/tello.pl\/wp-content\/uploads\/2024\/06\/2108.i504.017.P.m005.c25.isometric-electric-machine-tools-set-1024x1024.jpg 1024w, https:\/\/tello.pl\/wp-content\/uploads\/2024\/06\/2108.i504.017.P.m005.c25.isometric-electric-machine-tools-set-300x300.jpg 300w, https:\/\/tello.pl\/wp-content\/uploads\/2024\/06\/2108.i504.017.P.m005.c25.isometric-electric-machine-tools-set-150x150.jpg 150w, https:\/\/tello.pl\/wp-content\/uploads\/2024\/06\/2108.i504.017.P.m005.c25.isometric-electric-machine-tools-set-768x768.jpg 768w, https:\/\/tello.pl\/wp-content\/uploads\/2024\/06\/2108.i504.017.P.m005.c25.isometric-electric-machine-tools-set-1536x1536.jpg 1536w, https:\/\/tello.pl\/wp-content\/uploads\/2024\/06\/2108.i504.017.P.m005.c25.isometric-electric-machine-tools-set-2048x2048.jpg 2048w, https:\/\/tello.pl\/wp-content\/uploads\/2024\/06\/2108.i504.017.P.m005.c25.isometric-electric-machine-tools-set-12x12.jpg 12w\" sizes=\"auto, (max-width: 1024px) 100vw, 1024px\" \/><\/figure>\n<\/div>\n<\/div>\n\n\n\n<p>Oferujemy kompleksow\u0105 obs\u0142ug\u0119 serwisow\u0105 skierowan\u0105 zar\u00f3wno do profesjonalist\u00f3w \u2013 firm,<br>warsztat\u00f3w i wypo\u017cyczalni, jak i u\u017cytkownik\u00f3w indywidualnych \u2013 hobbyst\u00f3w i majsterkowicz\u00f3w.<br><br>Specjalizujemy si\u0119 w serwisowaniu i naprawie elektronarz\u0119dzi u\u017cywanych przez <strong>firmy budowlane<\/strong>,<br><strong>remontowe<\/strong> oraz <strong>wyko\u0144czeniowe<\/strong>. Rozumiemy jak wa\u017cne jest utrzymanie sprz\u0119tu w doskona\u0142ym<br>stanie, aby zapewni\u0107 ci\u0105g\u0142o\u015b\u0107 pracy i bezpiecze\u0144stwo u\u017cytkownik\u00f3w.<br><br>Oferujemy serwisowanie narz\u0119dzi wykorzystywanych w <strong>zak\u0142adach produkcyjnych<\/strong>, <strong>warsztatach i<br>przedsi\u0119biorstwach przemys\u0142owych<\/strong>. Dzi\u0119ki naszym specjalistycznym us\u0142ugom Pa\u0144stwa narz\u0119dzia<br>b\u0119d\u0105 zawsze sprawne, co prze\u0142o\u017cy si\u0119 na utrzymanie wydajno\u015bci i unikni\u0119cie przestoj\u00f3w w firmie.<br><br>Nasze us\u0142ugi obejmuj\u0105 r\u00f3wnie\u017c regularne serwisowanie i napraw\u0119 elektronarz\u0119dzi udost\u0119pnianych<br>przez <strong>wypo\u017cyczalnie<\/strong>. Dzi\u0119ki nam Pa\u0144stwa sprz\u0119t b\u0119dzie zawsze w idealnym stanie, gotowy do<br>wypo\u017cyczenia przez kolejnych klient\u00f3w.<br><br>Na naszych us\u0142ugach mog\u0105 polega\u0107 r\u00f3wnie\u017c <strong>sklepy z elektronarz\u0119dziami<\/strong>, kt\u00f3re chc\u0105 oferowa\u0107 swoim<br>klientom warto\u015b\u0107 dodan\u0105 jak\u0105 jest profesjonalna naprawa i konserwacja oferowanych sprz\u0119t\u00f3w.<br>Takie us\u0142ugi dodatkowe zwi\u0119kszaj\u0105 satysfakcj\u0119 klient\u00f3w i przyczyniaj\u0105 si\u0119 do budowania lojalno\u015bci.<br><br>Dost\u0119p do profesjonalnych us\u0142ug serwisowych zapewniamy r\u00f3wnie\u017c<strong> indywidualnym u\u017cytkownikom<\/strong> i<br><strong>majsterkowiczom<\/strong>, kt\u00f3rzy u\u017cywaj\u0105 elektronarz\u0119dzi do prac przydomowych lub innych drobnych<br>czynno\u015bci. Niezale\u017cnie od poziomu zaawansowania, ka\u017cdy majsterkowicz mo\u017ce liczy\u0107 na nasze<br>wsparcie i fachow\u0105 pomoc.<\/p>\n\n\n\n<p>Zapraszamy do skorzystania z naszych us\u0142ug!<\/p>\n\n\n\n<p><br>Contact telephone number to <strong>Tello Technic<\/strong> (serwis): <strong>733725518<\/strong><br><\/p>\n\n\n\n<p>Z nami Twoje narz\u0119dzia b\u0119d\u0105 zawsze sprawne i gotowe do dzia\u0142ania w ka\u017cdych warunkach!<\/p>\n\n\n\n<p><\/p>","protected":false},"excerpt":{"rendered":"<p>Oferujemy kompleksow\u0105 obs\u0142ug\u0119 serwisow\u0105 skierowan\u0105 zar\u00f3wno do profesjonalist\u00f3w \u2013 firm,warsztat\u00f3w i wypo\u017cyczalni, jak i u\u017cytkownik\u00f3w indywidualnych \u2013 hobbyst\u00f3w i majsterkowicz\u00f3w. Specjalizujemy si\u0119 w serwisowaniu i naprawie elektronarz\u0119dzi u\u017cywanych przez firmy budowlane,remontowe oraz wyko\u0144czeniowe. Rozumiemy jak wa\u017cne jest utrzymanie sprz\u0119tu w doskona\u0142ymstanie, aby zapewni\u0107 ci\u0105g\u0142o\u015b\u0107 pracy i bezpiecze\u0144stwo u\u017cytkownik\u00f3w. Oferujemy serwisowanie narz\u0119dzi wykorzystywanych w zak\u0142adach produkcyjnych,&hellip;&nbsp;<a href=\"https:\/\/tello.pl\/en\/tello-technik\/\" class=\"\" rel=\"bookmark\">Read More &raquo;<span class=\"screen-reader-text\">TELLO TECHNIC<\/span><\/a><\/p>","protected":false},"author":1,"featured_media":0,"parent":0,"menu_order":0,"comment_status":"closed","ping_status":"closed","template":"","meta":{"neve_meta_sidebar":"","neve_meta_container":"","neve_meta_enable_content_width":"","neve_meta_content_width":0,"neve_meta_title_alignment":"","neve_meta_author_avatar":"","neve_post_elements_order":"","neve_meta_disable_header":"","neve_meta_disable_footer":"","neve_meta_disable_title":"","footnotes":""},"class_list":["post-74","page","type-page","status-publish","hentry"],"_links":{"self":[{"href":"https:\/\/tello.pl\/en\/wp-json\/wp\/v2\/pages\/74","targetHints":{"allow":["GET"]}}],"collection":[{"href":"https:\/\/tello.pl\/en\/wp-json\/wp\/v2\/pages"}],"about":[{"href":"https:\/\/tello.pl\/en\/wp-json\/wp\/v2\/types\/page"}],"author":[{"embeddable":true,"href":"https:\/\/tello.pl\/en\/wp-json\/wp\/v2\/users\/1"}],"replies":[{"embeddable":true,"href":"https:\/\/tello.pl\/en\/wp-json\/wp\/v2\/comments?post=74"}],"version-history":[{"count":5,"href":"https:\/\/tello.pl\/en\/wp-json\/wp\/v2\/pages\/74\/revisions"}],"predecessor-version":[{"id":328,"href":"https:\/\/tello.pl\/en\/wp-json\/wp\/v2\/pages\/74\/revisions\/328"}],"wp:attachment":[{"href":"https:\/\/tello.pl\/en\/wp-json\/wp\/v2\/media?parent=74"}],"curies":[{"name":"wp","href":"https:\/\/api.w.org\/{rel}","templated":true}]}}